{"id":59,"date":"2021-04-15T14:23:19","date_gmt":"2021-04-15T14:23:19","guid":{"rendered":"https:\/\/fabriciocaiazza.com.ar\/web\/?page_id=59"},"modified":"2025-12-14T14:28:58","modified_gmt":"2025-12-14T14:28:58","slug":"cv","status":"publish","type":"page","link":"https:\/\/fabriciocaiazza.com.ar\/web\/cv\/","title":{"rendered":""},"content":{"rendered":"\n<p>El trabajo de Fabricio Caiazza (Argentina, 1974) transforma el espacio urbano en un campo de experimentaci\u00f3n social y gr\u00e1fica. Artista, educador y cofundador de <em><a href=\"Http:\/\/www.estudiovalija.com.ar\">Estudio Valija<\/a><\/em>, desarrolla intervenciones <em>site-specific<\/em> que, desde el arte y dise\u00f1o participativo, interrogan la vida en la ciudad y su doble en las redes. Su proceso de trabajo forma parte de museos, colecciones y publicaciones especializadas.<\/p>\n\n\n\n<p><a href=\"http:\/\/www.fabriciocaiazza.com.ar\">www.fabriciocaiazza.com.ar <\/a>| soyfaca@gmail.com<\/p>\n\n\n\n<p><strong><br>Principales proyectos<\/strong><\/p>\n\n\n\n<p>\u2022&nbsp;<em><a href=\"https:\/\/fabriciocaiazza.com.ar\/web\/bicho\/\">Bicho<\/a><\/em>&nbsp;(2022\/2023)<\/p>\n\n\n\n<p>\u2022&nbsp;<a href=\"http:\/\/www.fabriciocaiazza.com.ar\/index.php?\/proyectos\/anda\"><em>Anda<\/em><\/a>&nbsp;(2010\/2019)<br>\u2022&nbsp;<em><a href=\"https:\/\/fabriciocaiazza.com.ar\/web\/sincita-2\">Sincita<\/a><\/em>&nbsp;(2007\/2012)<br>\u2022&nbsp;<a href=\"http:\/\/www.fabriciocaiazza.com.ar\/index.php?\/proyectos\/compartiendo-capital\/\"><em>Compartiendo Capital<\/em><\/a>&nbsp;(2005\/2011)<br>\u2022&nbsp;<a href=\"http:\/\/www.fabriciocaiazza.com.ar\/index.php?\/proyectos\/pinche-empalme-justo\/\"><em>Pinche Empalme Justo<\/em><\/a>&nbsp;(2003\/2005)<\/p>\n\n\n\n<p><\/p>\n\n\n\n<p><strong>Reconocimientos al trabajo cultural<\/strong><\/p>\n\n\n\n<ul class=\"wp-block-list\">\n<li><em>Innovart III,<\/em> Programa de Internacionalizaci\u00f3n Educaci\u00f3n Superior y Cooperaci\u00f3n Internacional Secretar\u00eda de Pol\u00edticas Universitarias y el Institut fran\u00e7ais d&#8217;Argentine, 2024<\/li>\n\n\n\n<li><em>Fomento Industrias Creativas<\/em>, Santa Fe 2020 y 2022<\/li>\n\n\n\n<li><em>Beca Producci\u00f3n<\/em>, Fondo Nacional de las Artes 2022 y 2019<\/li>\n\n\n\n<li><em>Residencia Arte y Educaci\u00f3n<\/em>, Matadero, Madrid 2018<\/li>\n\n\n\n<li><em>Dise\u00f1o y Participaci\u00f3n ciudadana, Bienal Iberoamericana de Dise\u00f1o<\/em>, Madrid 2018<\/li>\n\n\n\n<li><em>Plataforma Futuro<\/em>, Ministerio de Cultura de la Naci\u00f3n 2016<\/li>\n\n\n\n<li><em>Residencia Centro de Arte y Tecnolog\u00eda Etopia<\/em>, Zaragoza 2015<\/li>\n\n\n\n<li><em>Beca Grupal <\/em>Fondo Nacional de las Artes 2006, 2010, 2011, 2012 y 2014<\/li>\n\n\n\n<li><em>Premio Espacio Santafesino<\/em>, Ministerio Innovaci\u00f3n y Cultura, 2013<\/li>\n\n\n\n<li><em>Premio Igualdad Cultural<\/em>, Ministerio de Cultura de la Naci\u00f3n, 2013<\/li>\n\n\n\n<li><em>Menci\u00f3n, III Bienal Iberoamericana de Dise\u00f1o<\/em>, Madrid 2012<\/li>\n\n\n\n<li><em>1\u00ba premio, Festival Vae11, Fundaci\u00f3n Telef\u00f3nica<\/em>, Lima 2010<\/li>\n\n\n\n<li><em>Subte, Centro Municipal de Exposiciones<\/em>, Montevideo 2010<\/li>\n\n\n\n<li><em>Premio adquisici\u00f3n, LXIII Sal\u00f3n Nacional de Rosario<\/em>, museo J B Castagnino 2009<\/li>\n\n\n\n<li><em>Residencia Can Xalant<\/em>, Matar\u00f3 2009<\/li>\n\n\n\n<li><em>Menci\u00f3n, LX Sal\u00f3n Nacional de Rosario<\/em>, museo Castagnino 2006<\/li>\n\n\n\n<li><em>Beca Fundaci\u00f3n Nuevo Banco de Santa Fe<\/em>, Rosario 2005<\/li>\n<\/ul>\n\n\n\n<p><strong>Publicaciones<\/strong><\/p>\n\n\n\n<p><\/p>\n\n\n\n<p>\u2022 <a href=\"https:\/\/drive.google.com\/file\/d\/1-8qTPAj-Kzie5fmBXykammk8LVdvvLB_\/view?usp=sharing\" target=\"_blank\" rel=\"noreferrer noopener\">Mine y el recuerdo<\/a>, Bel\u00e9n Campero In\u00e9s Martino y Fabricio Caiazza, Cosas Invisibles, Rosario 2019<br>\u2022&nbsp;<a href=\"https:\/\/civics.cc\/media\/files\/resources\/baldosas_dossier.pdf\">En relieve. Se\u00f1al\u00e9tica para la innovaci\u00f3n ciudadana. Civics, Madrid 2018<\/a><br>\u2022 <a href=\"https:\/\/drive.google.com\/file\/d\/1S4WbmaejSg3f1Izjd2KO7dpxhVf17VSc\/view?usp=sharing\" target=\"_blank\" rel=\"noreferrer noopener\">Mine y el tiempo<\/a>, Bel\u00e9n Campero y Fabricio Caiazza, Cosas Invisibles, Rosario 2018<br>\u2022&nbsp;<a href=\"https:\/\/varvarastepanova.wordpress.com\/2017\/12\/09\/edicion-varvara-stepanova\/\">Varvara Stepanova<\/a>, In\u00e9s Martino y Fabricio Caiazza, Plataforma Futuro, Rosario 2017<br>\u2022&nbsp;<a href=\"https:\/\/proyectoanda.com\/losetas-de-hormigon\/\">Losetas de hormig\u00f3n<\/a>, Estudio Valija, Rosario 2017<br>\u2022&nbsp;<a href=\"https:\/\/proyectoanda.com\/2017\/01\/26\/nadie-sabe-lo-que-puede-un-triangulo\/\">Lo que puede un tri\u00e1ngulo. M\u00f3dulos para el co-dise\u00f1o de espacios p\u00fablicos<\/a>, Programa Nueva Oportunidad, Rosario 2017<br>\u2022&nbsp;<a href=\"http:\/\/issuu.com\/faca\/docs\/libro-anda\">Proyecto Anda. Baldosas hidr\u00e1ulicas para la construcci\u00f3n de espacio p\u00fablico<\/a>, In\u00e9s Martino y Fabricio Caiazza, Estudio Valija, Rosario 2014<br>\u2022&nbsp;<a href=\"http:\/\/issuu.com\/faca\/docs\/tuitear_sincita\">Tuitear en futuro<\/a>, Fabricio Caiazza, edici\u00f3n de autor, Rosario 2012<br>\u2022&nbsp;<a href=\"http:\/\/issuu.com\/faca\/docs\/sincita_mataro\">Sincita Matar\u00f3<\/a>, Fabricio Caiazza, Canxalant, Barcelona 2011<br>\u2022&nbsp;<a href=\"http:\/\/issuu.com\/faca\/docs\/compartiendo_capital\">Compartiendo Capital<\/a>, In\u00e9s Martino y Fabricio Caiazza, Fondo Nacional de las Artes 2008<\/p>\n\n\n\n<p> \u2022&nbsp; Ediciones Maldito conventillo y Lakabeza, In\u00e9s Martino y Fabricio Caiazza, Rosario 1996\/98<\/p>\n\n\n\n<p><strong>Exposiciones<\/strong><\/p>\n\n\n\n<p>\u2022 <em>La \u00fanica en la tierra, <\/em>Galer\u00eda Gabelich Contempor\u00e1neo, Rosario 2023<\/p>\n\n\n\n<p>\u2022 <em>Sal\u00f3n Nacional, <\/em>Centro Cultural Kirchner, Buenos Aires 2022<\/p>\n\n\n\n<p>\u2022 <em>R\u00edo inmerso y futuros emergentes<\/em>, Alianza Francesa, Rosario 2022<\/p>\n\n\n\n<p>\u2022 <em>Se nos quema la quinta<\/em>, Museo de la Memoria, Rosario 2022<\/p>\n\n\n\n<p>\u2022 <em>Festa del Grafisme<\/em>, BAU, Barcelona 2022<\/p>\n\n\n\n<p>\u2022 <em>Proyecto Bicho<\/em><em>, 9 semanas en el Alem<\/em>, Centro Cultural Parque Alem, Rosario 2022<\/p>\n\n\n\n<p>\u2022 <a href=\"http:\/\/madridgrafica.org\/en\/posters-2020\/\"><em>Covid Exi<\/em>t<\/a>, Madrid Gr\u00e1fica 21, Matadero, Madrid 2021<\/p>\n\n\n\n<p>\u2022 <em>19y20 \u2013 Archivos, obras y acciones que irrumpieron en la narrativa visual de la crisis de 2001<\/em>, Centro Cultural de la Memoria Haroldo Conti, Buenos Aires 2021<\/p>\n\n\n\n<p>\u2022 <em>Proyecto Stepanova, Otro Cauce<\/em>, Rosario 2018<\/p>\n\n\n\n<p>\u2022 <em>Dura lex sed ex, BienalSur<\/em>, Centro Cultural Parque Espa\u00f1a (AECID) Rosario 2017<\/p>\n\n\n\n<p>\u2022 <em>P\u00fablica<\/em>, Museo de Arte Contempor\u00e1neo de Rosario, Rosario 2017<\/p>\n\n\n\n<p>\u2022 <em>Horizontes de Deseo<\/em>, Museo de Arte Contempor\u00e1neo de Buenos Aires, Mar del Plata 2014<\/p>\n\n\n\n<p>\u2022 <em>Sincita Proun, III Bienal Iberoamericana de Dise\u00f1o<\/em>, <em>Panam\u00e1 Gr\u00e1fico \/ Todo es dise\u00f1o<\/em>, Museo Arte Contempor\u00e1neo, Panam\u00e1 2014<\/p>\n\n\n\n<p>\u2022 <em>Sincita Proun, III Bienal Iberoamericana de Dise\u00f1o<\/em>, Centro de Cultura Antiguo Instituto, Gij\u00f3n 2014<\/p>\n\n\n\n<p>\u2022 <em>Igualdad Cultural<\/em>, Casa del Bicentenario, Buenos Aires 2013<\/p>\n\n\n\n<p>\u2022 <em>Sincita Proun, III Bienal Iberoamericana de Dise\u00f1o<\/em>, Matadero, Madrid 2012<\/p>\n\n\n\n<p>\u2022 <em>Explosionen. Video remix<\/em>, Oficina26, Rosario 2012<\/p>\n\n\n\n<p>\u2022 <em>El futuro es un invento, Minilab<\/em>, Cultura pasajera, Rosario 2012<\/p>\n\n\n\n<p>\u2022 <em>All\u00ed, all\u00e1<\/em>, Plataforma Bogot\u00e1, Bogot\u00e1 2012<\/p>\n\n\n\n<p>\u2022 <em>Enfrentamiento<\/em>, Atelie397, S\u00e3o Paulo 2011<\/p>\n\n\n\n<p>\u2022 <em>Sincita Videos, Artist killed media stars<\/em>, Zinebi, Consoni, Bilbao 2011<\/p>\n\n\n\n<p>\u2022<em> Anda en Semana del Arte<\/em>, museo Castagnino-Macro, Rosario 2011<\/p>\n\n\n\n<p>\u2022 <em>Kurzfilms<\/em>, Kunsthaus Tacheles, Berl\u00edn 2011<\/p>\n\n\n\n<p>\u2022 <em>Festival Asim\u2019tria VII<\/em>, Qorikancha, Cusco 2011<\/p>\n\n\n\n<p>\u2022 <em>Proyecto Circular 3<\/em>, Palais de Glace, Buenos Aires 2011<\/p>\n\n\n\n<p>\u2022 <em>0.1 Experimentaciones po\u00e9ticas con dispositivos electr\u00f3nicos<\/em>, museo Castagnino, Rosario 2011<\/p>\n\n\n\n<p>\u2022 <em>Videophagy \/ Videofagia,<\/em> Hotshot, Toronto 2010<\/p>\n\n\n\n<p>\u2022 <em>incorporaciones 2010. La crisis como prospecto<\/em>, Museo de Arte Contempor\u00e1neo, Rosario 2010<\/p>\n\n\n\n<p>\u2022 <em>Intervenciones Sincita,<\/em> <em>Foro Social Mundial<\/em>, Porto Alegre 2010<\/p>\n\n\n\n<p>\u2022 <em>Videos Sincita, Intervenciones tv, Madrid Abierto<\/em>, Madrid 2010<\/p>\n\n\n\n<p>\u2022 <em>Sincita, Arte e Innovaci\u00f3n<\/em>, Espacio Center, Canarias 2009<\/p>\n\n\n\n<p>\u2022 <em>Sincita, Salas d\u2019exposicions de Can Palauet<\/em>, Matar\u00f3, Barcelona 2009<\/p>\n\n\n\n<p>\u2022 <em>Sincita Corp\u00f3reo, LXIII Sal\u00f3n Nacional Rosario<\/em>, museo Castagnino, Rosario 2009<\/p>\n\n\n\n<p>\u2022 <em>Videos Sincita, Festival Asim\u00b4tria V<\/em>, Centro Fundaci\u00f3n Telef\u00f3nica, Lima 2009<\/p>\n\n\n\n<p>\u2022 <em>Somos la m\u00e1quina<\/em>, galer\u00eda Meridi\u00f3n Arte Contempor\u00e1neo, Buenos Aires 2009<\/p>\n\n\n\n<p>\u2022 <em>Compartiendo Capital, Bienal Arte Nuevo interactiva<\/em>, M\u00e9rida 2009<\/p>\n\n\n\n<p>\u2022 <em>Performance Vodka Miel, Los Oxcars<\/em>, Sala Apolo, Barcelona 2008<\/p>\n\n\n\n<p>\u2022 <em>Sincita, Cultura y Media<\/em>, Centro Cultural San Mart\u00edn, Buenos Aires 2008<\/p>\n\n\n\n<p>\u2022 <em>Vernissage divulgativo,<\/em> Centro de Cultura Contempor\u00e1nea de Barcelona, Barcelona 2007<\/p>\n\n\n\n<p>\u2022<em> Interfaces<\/em>: Fondo Nacional de las Artes, Buenos Aires, 2006<\/p>\n\n\n\n<p>\u2022 <em>Performance<\/em> <em>VodkaMiel<\/em>, Belleza y Felicidad, Buenos Aires 2006<\/p>\n\n\n\n<p>\u2022 <em>Caja Quemadora \/ Burnstation, 2\u00ba semana del Arte<\/em>, Museo de Arte Contempor\u00e1neo, Rosario 2006<\/p>\n\n\n\n<p>\u2022 <em>Compartiendo Capital, LX Sal\u00f3n Nacional, <\/em>Museo Castagnino, Rosario 2006<\/p>\n\n\n\n<p>\u2022 <em>Stand Pinche, <\/em>Intervenci\u00f3n urbana, <em>1\u00ba Semana del Arte<\/em>, Museo de Arte Contempor\u00e1neo, Rosario 2005<\/p>\n\n\n\n<p>\u2022 <em>Pinche. Empalme justo, Sal\u00f3n Mazal<\/em>, Telaviv 2005<\/p>\n\n\n\n<p>\u2022 <em>Cartera Yomango, Sal\u00f3n Arte Moda<\/em>, Museo Castagnino, Rosario 2004<\/p>\n\n\n\n<p>\u2022 <em>Festival de Arte Electr\u00f3nico 404,<\/em> Museo Castagnino, Rosario 2004<\/p>\n\n\n\n<p>\u2022 <em>Stand Pinche, <\/em>Intervenci\u00f3n urbana, <em>Estudio Abierto<\/em>, Buenos Aires 2004<\/p>\n\n\n\n<p>\u2022 <em>Yomango \u00bflo quieres? lo tienes,<\/em>&nbsp; <a href=\"https:\/\/conservas.tk\/festivales\/innmotion\/innmotion-2002\/\">Inmotion<\/a>, Centro de Cultura Contempor\u00e1nea Barcelona 2002<\/p>\n\n\n\n<p>He trabajado desde 1995 en acciones est\u00e9ticas y pol\u00edticas vinculadas al espacio p\u00fablico y los Derechos Humanos.<\/p>\n\n\n\n<div style=\"height:46px\" aria-hidden=\"true\" class=\"wp-block-spacer\"><\/div>\n\n\n\n<p class=\"has-small-font-size\"><\/p>\n\n\n\n<p><a href=\"https:\/\/fabriciocaiazza.com.ar\/web\/desempeno-en-tareas-docentes\/\">Ver aqu\u00ed desempe\u00f1o en educaci\u00f3n y coordinaci\u00f3n de equipos<\/a><\/p>\n","protected":false},"excerpt":{"rendered":"<p>El trabajo de Fabricio Caiazza (Argentina, 1974) transforma el espacio urbano en un campo de experimentaci\u00f3n social y gr\u00e1fica. Artista, educador y cofundador de Estudio Valija, desarrolla intervenciones site-specific que, desde el arte y dise\u00f1o participativo, interrogan la vida en la ciudad y su doble en las redes. Su proceso de trabajo forma parte de museos, colecciones y publicaciones especializadas. www.fabriciocaiazza.com.ar | soyfaca@gmail.com Principales proyectos \u2022&nbsp;Bicho&nbsp;(2022\/2023) \u2022&nbsp;Anda&nbsp;(2010\/2019)\u2022&nbsp;Sincita&nbsp;(2007\/2012)\u2022&nbsp;Compartiendo Capital&nbsp;(2005\/2011)\u2022&nbsp;Pinche Empalme Justo&nbsp;(2003\/2005)<\/p>\n<div class=\"belowpost\"><a class=\"btnmore\" href=\"https:\/\/fabriciocaiazza.com.ar\/web\/cv\/\">Seguir leyendo<\/a><\/div>\n","protected":false},"author":1,"featured_media":0,"parent":0,"menu_order":0,"comment_status":"closed","ping_status":"closed","template":"","meta":{"footnotes":""},"class_list":["post-59","page","type-page","status-publish","hentry"],"_links":{"self":[{"href":"https:\/\/fabriciocaiazza.com.ar\/web\/wp-json\/wp\/v2\/pages\/59","targetHints":{"allow":["GET"]}}],"collection":[{"href":"https:\/\/fabriciocaiazza.com.ar\/web\/wp-json\/wp\/v2\/pages"}],"about":[{"href":"https:\/\/fabriciocaiazza.com.ar\/web\/wp-json\/wp\/v2\/types\/page"}],"author":[{"embeddable":true,"href":"https:\/\/fabriciocaiazza.com.ar\/web\/wp-json\/wp\/v2\/users\/1"}],"replies":[{"embeddable":true,"href":"https:\/\/fabriciocaiazza.com.ar\/web\/wp-json\/wp\/v2\/comments?post=59"}],"version-history":[{"count":66,"href":"https:\/\/fabriciocaiazza.com.ar\/web\/wp-json\/wp\/v2\/pages\/59\/revisions"}],"predecessor-version":[{"id":1069,"href":"https:\/\/fabriciocaiazza.com.ar\/web\/wp-json\/wp\/v2\/pages\/59\/revisions\/1069"}],"wp:attachment":[{"href":"https:\/\/fabriciocaiazza.com.ar\/web\/wp-json\/wp\/v2\/media?parent=59"}],"curies":[{"name":"wp","href":"https:\/\/api.w.org\/{rel}","templated":true}]}}