{"id":873,"date":"2023-05-25T17:46:03","date_gmt":"2023-05-25T17:46:03","guid":{"rendered":"https:\/\/fabriciocaiazza.com.ar\/web\/?page_id=873"},"modified":"2025-06-21T23:39:35","modified_gmt":"2025-06-21T23:39:35","slug":"desempeno-en-tareas-docentes","status":"publish","type":"page","link":"https:\/\/fabriciocaiazza.com.ar\/web\/desempeno-en-tareas-docentes\/","title":{"rendered":""},"content":{"rendered":"\n<div style=\"height:34px\" aria-hidden=\"true\" class=\"wp-block-spacer\"><\/div>\n\n\n\n<p><\/p>\n\n\n\n<p><\/p>\n\n\n\n<p><strong>Desempe\u00f1o en actividades educativas<\/strong><\/p>\n\n\n\n<div style=\"height:15px\" aria-hidden=\"true\" class=\"wp-block-spacer\"><\/div>\n\n\n\n<ul class=\"wp-block-list\">\n<li><strong>Titular \u00abZigzag\u00bb Espacio Curricular Optativo.<\/strong><\/li>\n<\/ul>\n\n\n\n<p>&#8211; Dise\u00f1o Gr\u00e1fico, FAPyD, UNR (2025)<\/p>\n\n\n\n<ul class=\"wp-block-list\">\n<li><strong>JTP \u00abtaller Dise\u00f1o Gr\u00e1fico\u00bb.<\/strong><\/li>\n<\/ul>\n\n\n\n<p>&#8211; Dise\u00f1o Gr\u00e1fico, FAPyD, UNR (2023\/2025)<\/p>\n\n\n\n<ul class=\"wp-block-list\">\n<li><strong>M\u00f3dulos did\u00e1cticos para la formaci\u00f3n en oficios art\u00edsticos<\/strong>.<\/li>\n<\/ul>\n\n\n\n<p>&#8211; Escuela de Oficios Art\u00edsticos, Ministerio de Cultura de Santa Fe \/ Consejo Federal de Inversiones, Santa Fe (2021\/2023)<\/p>\n\n\n\n<ul class=\"wp-block-list\">\n<li><strong>Taller \u00abNarrativa gr\u00e1fica para docentes e investigadores\u00bb<\/strong>.&nbsp;<\/li>\n<\/ul>\n\n\n\n<p>&#8211; Asociaci\u00f3n Gremial de Docente e Investigadores de la UNR (2022\/2025)<\/p>\n\n\n\n<div style=\"height:27px\" aria-hidden=\"true\" class=\"wp-block-spacer\"><\/div>\n\n\n\n<p><strong>Otras experiencias como docente y coordinador de equipos de investigaci\u00f3n<\/strong><\/p>\n\n\n\n<div style=\"height:15px\" aria-hidden=\"true\" class=\"wp-block-spacer\"><\/div>\n\n\n\n<ul class=\"wp-block-list\">\n<li><strong>Taller \u00abMosaicos hidr\u00e1ulicos para el espacio p\u00fablico\u00bb<\/strong>.<\/li>\n<\/ul>\n\n\n\n<p>&#8211; Casa Encendida, Madrid (2017\/2018)<\/p>\n\n\n\n<p>&#8211; La Fundici\u00f3, L` Hospitalet de llobregat (2018)<\/p>\n\n\n\n<p>&#8211; Santalab y Vivero de Iniciativas Ciudadanas, Rosario \/ Madrid (2018)<\/p>\n\n\n\n<p>&#8211; Fundaci\u00f2n Holcim Argentina, Jujuy, Mendoza y C\u00f3rdoba (2018)<\/p>\n\n\n\n<p>&#8211; Maushaus arquitectura, Museo Rezola, San Sebasti\u00e1n (2017)<\/p>\n\n\n\n<p>&#8211; CCCB, Barcelona (2017)<\/p>\n\n\n\n<p>&#8211; Escuela de Artes Mantovani, Santa Fe (2017)<\/p>\n\n\n\n<ul class=\"wp-block-list\">\n<li><strong>Taller \u00abHerramientas digitales libres para el arte y el dise\u00f1o\u00bb<\/strong>.<\/li>\n<\/ul>\n\n\n\n<p>&#8211; Escuelab, Lima (2011)<\/p>\n\n\n\n<p>&#8211; Centro de la Imagen, Lima (2011)<\/p>\n\n\n\n<p>&#8211; Escuela Nacional Superior Aut\u00f3noma de Bellas Artes del Per\u00fa, Lima (2011)<\/p>\n\n\n\n<p>&#8211; Fondo Nacional de las Artes, Buenos Aires (2011)<\/p>\n\n\n\n<ul class=\"wp-block-list\">\n<li><strong>Taller \u00abLa tecnolog\u00eda comienza en tu cabeza. Dise\u00f1o de comunicaci\u00f3n para iniciativas culturales\u00bb<\/strong>.<\/li>\n<\/ul>\n\n\n\n<p>&#8211; Talleres en Red, MediaLab del CCEBA, Buenos aires (2011)&nbsp;<\/p>\n\n\n\n<p>&#8211; Centro Cultural Parque de Espa\u00f1a,&nbsp; Rosario (2011)<\/p>\n\n\n\n<ul class=\"wp-block-list\">\n<li><strong>Seminario sobre arte p\u00fablico \u00abCiudad Comentada\u00bb.<\/strong><\/li>\n<\/ul>\n\n\n\n<p>Municipalidad de Rosario, Museo Franklin de San Juan, Casa de las Culturas de Resistencia y Municipalidad de Santa Fe (2012\/2016)<\/p>\n\n\n\n<ul class=\"wp-block-list\">\n<li><strong>Seminario sobre arte y tecnolog\u00edas \u00abCompartiendo Capital\u00bb.&nbsp;<\/strong><\/li>\n<\/ul>\n\n\n\n<p>&#8211; C\u00e1tedra Victoria Messi, Maestr\u00eda en Tecnolog\u00eda y Est\u00e9tica de las Artes Electr\u00f3nicas, Universidad Nacional de Tres de Febrero, Buenos Aires (2011)<\/p>\n\n\n\n<p>&#8211; Isla de los Inventos, Polo Tecnol\u00f3gico, Rosario (2010)<\/p>\n\n\n\n<ul class=\"wp-block-list\">\n<li><strong>Seminario \u00abArte y Activismo digital\u00bb.<\/strong><\/li>\n<\/ul>\n\n\n\n<p>&#8211; C\u00e1tedra Laura Baigorri, Departamento de Dise\u00f1o e Imagen, Facultad de Bellas Artes, Universidad de Barcelona (2009)<\/p>\n\n\n\n<ul class=\"wp-block-list\">\n<li><strong>Coordinador \u00abLowlab-hacklab\u00bb<\/strong>.<\/li>\n<\/ul>\n\n\n\n<p>&#8211; Laboratorio de Experimentaci\u00f3n art\u00edstica y tecnol\u00f3gica, espacio Planeta X, Rosario (2005\/2007)<\/p>\n\n\n\n<ul class=\"wp-block-list\">\n<li><strong>Coordinador del \u00abTaller Guerrilla de la Comunicaci\u00f3n\u00bb<\/strong>.&nbsp;<\/li>\n<\/ul>\n\n\n\n<p>&#8211; Espacio Planeta X, Rosario (2002\/2005)<\/p>\n","protected":false},"excerpt":{"rendered":"<p>Desempe\u00f1o en actividades educativas &#8211; Dise\u00f1o Gr\u00e1fico, FAPyD, UNR (2025) &#8211; Dise\u00f1o Gr\u00e1fico, FAPyD, UNR (2023\/2025) &#8211; Escuela de Oficios Art\u00edsticos, Ministerio de Cultura de Santa Fe \/ Consejo Federal de Inversiones, Santa Fe (2021\/2023) &#8211; Asociaci\u00f3n Gremial de Docente e Investigadores de la UNR (2022\/2025) Otras experiencias como docente y coordinador de equipos de investigaci\u00f3n &#8211; Casa Encendida, Madrid (2017\/2018) &#8211; La Fundici\u00f3, L` Hospitalet de llobregat (2018) &#8211;<\/p>\n<div class=\"belowpost\"><a class=\"btnmore\" href=\"https:\/\/fabriciocaiazza.com.ar\/web\/desempeno-en-tareas-docentes\/\">Seguir leyendo<\/a><\/div>\n","protected":false},"author":1,"featured_media":0,"parent":0,"menu_order":0,"comment_status":"closed","ping_status":"closed","template":"","meta":{"footnotes":""},"class_list":["post-873","page","type-page","status-publish","hentry"],"_links":{"self":[{"href":"https:\/\/fabriciocaiazza.com.ar\/web\/wp-json\/wp\/v2\/pages\/873","targetHints":{"allow":["GET"]}}],"collection":[{"href":"https:\/\/fabriciocaiazza.com.ar\/web\/wp-json\/wp\/v2\/pages"}],"about":[{"href":"https:\/\/fabriciocaiazza.com.ar\/web\/wp-json\/wp\/v2\/types\/page"}],"author":[{"embeddable":true,"href":"https:\/\/fabriciocaiazza.com.ar\/web\/wp-json\/wp\/v2\/users\/1"}],"replies":[{"embeddable":true,"href":"https:\/\/fabriciocaiazza.com.ar\/web\/wp-json\/wp\/v2\/comments?post=873"}],"version-history":[{"count":13,"href":"https:\/\/fabriciocaiazza.com.ar\/web\/wp-json\/wp\/v2\/pages\/873\/revisions"}],"predecessor-version":[{"id":963,"href":"https:\/\/fabriciocaiazza.com.ar\/web\/wp-json\/wp\/v2\/pages\/873\/revisions\/963"}],"wp:attachment":[{"href":"https:\/\/fabriciocaiazza.com.ar\/web\/wp-json\/wp\/v2\/media?parent=873"}],"curies":[{"name":"wp","href":"https:\/\/api.w.org\/{rel}","templated":true}]}}